{"id":1978,"date":"2018-07-16T16:17:48","date_gmt":"2018-07-16T14:17:48","guid":{"rendered":"https:\/\/loveit-byadrianavillalobos.com\/?page_id=1978"},"modified":"2024-01-30T05:37:07","modified_gmt":"2024-01-30T04:37:07","slug":"about-2","status":"publish","type":"page","link":"https:\/\/loveit-byadrianavillalobos.com\/?page_id=1978","title":{"rendered":"About"},"content":{"rendered":"\t\t<div data-elementor-type=\"wp-post\" data-elementor-id=\"1978\" class=\"elementor elementor-1978\">\n\t\t\t\t\t\t<section class=\"elementor-section elementor-top-section elementor-element elementor-element-b58fe29 elementor-section-boxed elementor-section-height-default elementor-section-height-default wpr-particle-no wpr-jarallax-no wpr-parallax-no wpr-sticky-section-no\" data-id=\"b58fe29\" data-element_type=\"section\">\n\t\t\t\t\t\t<div class=\"elementor-container elementor-column-gap-default\">\n\t\t\t\t\t<div class=\"aux-parallax-section elementor-column elementor-col-100 elementor-top-column elementor-element elementor-element-f47c940\" data-id=\"f47c940\" data-element_type=\"column\">\n\t\t\t<div class=\"elementor-widget-wrap elementor-element-populated\">\n\t\t\t\t\t\t<div class=\"elementor-element elementor-element-69c7fc0 aux-appear-watch-animation aux-fade-in-up elementor-widget elementor-widget-aux_modern_heading\" data-id=\"69c7fc0\" data-element_type=\"widget\" data-widget_type=\"aux_modern_heading.default\">\n\t\t\t\t<div class=\"elementor-widget-container\">\n\t\t\t\t\t<section class=\"aux-widget-modern-heading\">\n            <div class=\"aux-widget-inner\"><h2 class=\"aux-modern-heading-primary\">SOBRE NOSOTROS\n<\/h2><\/div>\n        <\/section>\t\t\t\t<\/div>\n\t\t\t\t<\/div>\n\t\t\t\t\t<\/div>\n\t\t<\/div>\n\t\t\t\t\t<\/div>\n\t\t<\/section>\n\t\t\t\t<section class=\"elementor-section elementor-top-section elementor-element elementor-element-223feba elementor-section-boxed elementor-section-height-default elementor-section-height-default wpr-particle-no wpr-jarallax-no wpr-parallax-no wpr-sticky-section-no\" data-id=\"223feba\" data-element_type=\"section\">\n\t\t\t\t\t\t<div class=\"elementor-container elementor-column-gap-default\">\n\t\t\t\t\t<div class=\"aux-parallax-section elementor-column elementor-col-50 elementor-top-column elementor-element elementor-element-e492f68\" data-id=\"e492f68\" data-element_type=\"column\">\n\t\t\t<div class=\"elementor-widget-wrap elementor-element-populated\">\n\t\t\t\t\t\t<div class=\"elementor-element elementor-element-1b0caf0 aux-appear-watch-animation aux-fade-in-up elementor-widget elementor-widget-aux_modern_heading\" data-id=\"1b0caf0\" data-element_type=\"widget\" data-widget_type=\"aux_modern_heading.default\">\n\t\t\t\t<div class=\"elementor-widget-container\">\n\t\t\t\t\t<section class=\"aux-widget-modern-heading\">\n            <div class=\"aux-widget-inner\"><h2 class=\"aux-modern-heading-primary\"><\/h2><div class=\"aux-modern-heading-description\"><p>Somos un espacio donde la elegancia se encuentra con la accesibilidad. Nuestra filosof\u00eda se basa en la idea de que cada mujer merece sentirse hermosa, segura y empoderada sin comprometer su bolsillo. Aqu\u00ed, la alta calidad y el estilo de lujo se fusionan con precios accesibles, creando una experiencia \u00fanica de compra para la mujer moderna.<\/p><\/div><\/div>\n        <\/section>\t\t\t\t<\/div>\n\t\t\t\t<\/div>\n\t\t\t\t<div class=\"elementor-element elementor-element-dfb842c aux-appear-watch-animation aux-fade-in-up elementor-widget elementor-widget-text-editor\" data-id=\"dfb842c\" data-element_type=\"widget\" data-widget_type=\"text-editor.default\">\n\t\t\t\t<div class=\"elementor-widget-container\">\n\t\t\t\t\t\t\t\t\t<blockquote><p>\u00abNos esforzamos por desafiar la noci\u00f3n de que la moda de alta calidad siempre debe ser costosa. Cada prenda en nuestra tienda es seleccionada con cuidado, centr\u00e1ndonos en la calidad de los materiales, la atenci\u00f3n a los detalles y el dise\u00f1o.\u00bb<\/p><\/blockquote><p>Nuestra tienda se compromete a proporcionar opciones que no solo sigan las \u00faltimas tendencias, sino que tambi\u00e9n empoderen a las mujeres a abrazar su singularidad.<\/p>\t\t\t\t\t\t\t\t<\/div>\n\t\t\t\t<\/div>\n\t\t\t\t\t<\/div>\n\t\t<\/div>\n\t\t\t\t<div class=\"aux-parallax-section elementor-column elementor-col-50 elementor-top-column elementor-element elementor-element-79cfcc2\" data-id=\"79cfcc2\" data-element_type=\"column\" data-settings=\"{&quot;background_background&quot;:&quot;slideshow&quot;,&quot;background_slideshow_gallery&quot;:[{&quot;id&quot;:1854,&quot;url&quot;:&quot;https:\\\/\\\/loveit-byadrianavillalobos.com\\\/wp-content\\\/uploads\\\/2024\\\/01\\\/Imagen-de-WhatsApp-2024-01-13-a-las-08.56.12_5316bd71-e1705679299401.jpg&quot;}],&quot;background_slideshow_loop&quot;:&quot;yes&quot;,&quot;background_slideshow_slide_duration&quot;:5000,&quot;background_slideshow_slide_transition&quot;:&quot;fade&quot;,&quot;background_slideshow_transition_duration&quot;:500}\">\n\t\t\t<div class=\"elementor-widget-wrap\">\n\t\t\t\t\t\t\t<\/div>\n\t\t<\/div>\n\t\t\t\t\t<\/div>\n\t\t<\/section>\n\t\t\t\t<section class=\"elementor-section elementor-top-section elementor-element elementor-element-5e4a774 elementor-section-boxed elementor-section-height-default elementor-section-height-default wpr-particle-no wpr-jarallax-no wpr-parallax-no wpr-sticky-section-no\" data-id=\"5e4a774\" data-element_type=\"section\" data-settings=\"{&quot;background_background&quot;:&quot;classic&quot;}\">\n\t\t\t\t\t\t\t<div class=\"elementor-background-overlay\"><\/div>\n\t\t\t\t\t\t\t<div class=\"elementor-container elementor-column-gap-default\">\n\t\t\t\t\t<div class=\"aux-parallax-section elementor-column elementor-col-100 elementor-top-column elementor-element elementor-element-b49c885\" data-id=\"b49c885\" data-element_type=\"column\">\n\t\t\t<div class=\"elementor-widget-wrap elementor-element-populated\">\n\t\t\t\t\t\t<div class=\"elementor-element elementor-element-15ccbdf elementor-widget elementor-widget-aux_modern_heading\" data-id=\"15ccbdf\" data-element_type=\"widget\" data-widget_type=\"aux_modern_heading.default\">\n\t\t\t\t<div class=\"elementor-widget-container\">\n\t\t\t\t\t<section class=\"aux-widget-modern-heading\">\n            <div class=\"aux-widget-inner\"><h2 class=\"aux-modern-heading-primary\">RECIBE ACTUALIZACIONES<\/h2><h3 class=\"aux-modern-heading-secondary\"><span class=\"aux-head-before\"> SUSCR\u00cdBETE AL BLOG<\/span><\/h3><\/div>\n        <\/section>\t\t\t\t<\/div>\n\t\t\t\t<\/div>\n\t\t\t\t<div class=\"elementor-element elementor-element-39fce73 elementor-widget elementor-widget-aux_mailchimp\" data-id=\"39fce73\" data-element_type=\"widget\" data-widget_type=\"aux_mailchimp.default\">\n\t\t\t\t<div class=\"elementor-widget-container\">\n\t\t\t\t\t    <div class=\"elementor-alert elementor-alert-danger\" role=\"alert\">\n        <span class=\"elementor-alert-title\">\n            &quot;MailChimp&quot; Plugin is Not Activated!        <\/span>\n        <span class=\"elementor-alert-description\">\n            In order to use this element, you need to install and activate this plugin.        <\/span>\n    <\/div>\n    \t\t\t\t<\/div>\n\t\t\t\t<\/div>\n\t\t\t\t\t<\/div>\n\t\t<\/div>\n\t\t\t\t\t<\/div>\n\t\t<\/section>\n\t\t\t\t<\/div>\n\t\t","protected":false},"excerpt":{"rendered":"<p>SOBRE NOSOTROS Somos un espacio donde la elegancia se encuentra con la accesibilidad. Nuestra filosof\u00eda se basa en la idea de que cada mujer merece sentirse hermosa, segura y empoderada sin comprometer su bolsillo. Aqu\u00ed, la alta calidad y el estilo de lujo se fusionan con precios accesibles, creando una experiencia \u00fanica de compra para la mujer moderna. \u00abNos esforzamos por desafiar la noci\u00f3n de que la moda de alta calidad siempre debe ser costosa. Cada prenda en nuestra tienda es seleccionada con cuidado, centr\u00e1ndonos en la calidad de los materiales, la atenci\u00f3n a los detalles y el dise\u00f1o.\u00bb Nuestra tienda se compromete a proporcionar opciones que no solo sigan las \u00faltimas tendencias, sino que tambi\u00e9n empoderen a las mujeres a abrazar su singularidad. RECIBE ACTUALIZACIONES SUSCR\u00cdBETE AL BLOG Deja vac\u00edo este campo si eres humano:<\/p>\n","protected":false},"author":1,"featured_media":0,"parent":0,"menu_order":0,"comment_status":"closed","ping_status":"closed","template":"","meta":{"footnotes":""},"class_list":["post-1978","page","type-page","status-publish","hentry"],"yoast_head":"<!-- This site is optimized with the Yoast SEO plugin v26.6 - https:\/\/yoast.com\/wordpress\/plugins\/seo\/ -->\n<title>About - Love it by Adriana Villalobos<\/title>\n<meta name=\"robots\" content=\"index, follow, max-snippet:-1, max-image-preview:large, max-video-preview:-1\" \/>\n<link rel=\"canonical\" href=\"https:\/\/loveit-byadrianavillalobos.com\/?page_id=1978\" \/>\n<meta property=\"og:locale\" content=\"es_ES\" \/>\n<meta property=\"og:type\" content=\"article\" \/>\n<meta property=\"og:title\" content=\"About - Love it by Adriana Villalobos\" \/>\n<meta property=\"og:description\" content=\"SOBRE NOSOTROS Somos un espacio donde la elegancia se encuentra con la accesibilidad. Nuestra filosof\u00eda se basa en la idea de que cada mujer merece sentirse hermosa, segura y empoderada sin comprometer su bolsillo. Aqu\u00ed, la alta calidad y el estilo de lujo se fusionan con precios accesibles, creando una experiencia \u00fanica de compra para la mujer moderna. \u00abNos esforzamos por desafiar la noci\u00f3n de que la moda de alta calidad siempre debe ser costosa. Cada prenda en nuestra tienda es seleccionada con cuidado, centr\u00e1ndonos en la calidad de los materiales, la atenci\u00f3n a los detalles y el dise\u00f1o.\u00bb Nuestra tienda se compromete a proporcionar opciones que no solo sigan las \u00faltimas tendencias, sino que tambi\u00e9n empoderen a las mujeres a abrazar su singularidad. RECIBE ACTUALIZACIONES SUSCR\u00cdBETE AL BLOG Deja vac\u00edo este campo si eres humano:\" \/>\n<meta property=\"og:url\" content=\"https:\/\/loveit-byadrianavillalobos.com\/?page_id=1978\" \/>\n<meta property=\"og:site_name\" content=\"Love it by Adriana Villalobos\" \/>\n<meta property=\"article:modified_time\" content=\"2024-01-30T04:37:07+00:00\" \/>\n<meta name=\"twitter:card\" content=\"summary_large_image\" \/>\n<meta name=\"twitter:label1\" content=\"Tiempo de lectura\" \/>\n\t<meta name=\"twitter:data1\" content=\"1 minuto\" \/>\n<script type=\"application\/ld+json\" class=\"yoast-schema-graph\">{\"@context\":\"https:\/\/schema.org\",\"@graph\":[{\"@type\":\"WebPage\",\"@id\":\"https:\/\/loveit-byadrianavillalobos.com\/?page_id=1978\",\"url\":\"https:\/\/loveit-byadrianavillalobos.com\/?page_id=1978\",\"name\":\"About - Love it by Adriana Villalobos\",\"isPartOf\":{\"@id\":\"https:\/\/loveit-byadrianavillalobos.com\/#website\"},\"datePublished\":\"2018-07-16T14:17:48+00:00\",\"dateModified\":\"2024-01-30T04:37:07+00:00\",\"breadcrumb\":{\"@id\":\"https:\/\/loveit-byadrianavillalobos.com\/?page_id=1978#breadcrumb\"},\"inLanguage\":\"es\",\"potentialAction\":[{\"@type\":\"ReadAction\",\"target\":[\"https:\/\/loveit-byadrianavillalobos.com\/?page_id=1978\"]}]},{\"@type\":\"BreadcrumbList\",\"@id\":\"https:\/\/loveit-byadrianavillalobos.com\/?page_id=1978#breadcrumb\",\"itemListElement\":[{\"@type\":\"ListItem\",\"position\":1,\"name\":\"Portada\",\"item\":\"https:\/\/loveit-byadrianavillalobos.com\/\"},{\"@type\":\"ListItem\",\"position\":2,\"name\":\"About\"}]},{\"@type\":\"WebSite\",\"@id\":\"https:\/\/loveit-byadrianavillalobos.com\/#website\",\"url\":\"https:\/\/loveit-byadrianavillalobos.com\/\",\"name\":\"Love it by Adriana Villalobos\",\"description\":\"\",\"publisher\":{\"@id\":\"https:\/\/loveit-byadrianavillalobos.com\/#organization\"},\"potentialAction\":[{\"@type\":\"SearchAction\",\"target\":{\"@type\":\"EntryPoint\",\"urlTemplate\":\"https:\/\/loveit-byadrianavillalobos.com\/?s={search_term_string}\"},\"query-input\":{\"@type\":\"PropertyValueSpecification\",\"valueRequired\":true,\"valueName\":\"search_term_string\"}}],\"inLanguage\":\"es\"},{\"@type\":\"Organization\",\"@id\":\"https:\/\/loveit-byadrianavillalobos.com\/#organization\",\"name\":\"Love it by Adriana Villalobos\",\"url\":\"https:\/\/loveit-byadrianavillalobos.com\/\",\"logo\":{\"@type\":\"ImageObject\",\"inLanguage\":\"es\",\"@id\":\"https:\/\/loveit-byadrianavillalobos.com\/#\/schema\/logo\/image\/\",\"url\":\"https:\/\/loveit-byadrianavillalobos.com\/wp-content\/uploads\/2023\/12\/Logo-Love-It-Adriana-Villalobos_Mesa-de-trabajo-1-2.png\",\"contentUrl\":\"https:\/\/loveit-byadrianavillalobos.com\/wp-content\/uploads\/2023\/12\/Logo-Love-It-Adriana-Villalobos_Mesa-de-trabajo-1-2.png\",\"width\":1080,\"height\":419,\"caption\":\"Love it by Adriana Villalobos\"},\"image\":{\"@id\":\"https:\/\/loveit-byadrianavillalobos.com\/#\/schema\/logo\/image\/\"}}]}<\/script>\n<!-- \/ Yoast SEO plugin. -->","yoast_head_json":{"title":"About - Love it by Adriana Villalobos","robots":{"index":"index","follow":"follow","max-snippet":"max-snippet:-1","max-image-preview":"max-image-preview:large","max-video-preview":"max-video-preview:-1"},"canonical":"https:\/\/loveit-byadrianavillalobos.com\/?page_id=1978","og_locale":"es_ES","og_type":"article","og_title":"About - Love it by Adriana Villalobos","og_description":"SOBRE NOSOTROS Somos un espacio donde la elegancia se encuentra con la accesibilidad. Nuestra filosof\u00eda se basa en la idea de que cada mujer merece sentirse hermosa, segura y empoderada sin comprometer su bolsillo. Aqu\u00ed, la alta calidad y el estilo de lujo se fusionan con precios accesibles, creando una experiencia \u00fanica de compra para la mujer moderna. \u00abNos esforzamos por desafiar la noci\u00f3n de que la moda de alta calidad siempre debe ser costosa. Cada prenda en nuestra tienda es seleccionada con cuidado, centr\u00e1ndonos en la calidad de los materiales, la atenci\u00f3n a los detalles y el dise\u00f1o.\u00bb Nuestra tienda se compromete a proporcionar opciones que no solo sigan las \u00faltimas tendencias, sino que tambi\u00e9n empoderen a las mujeres a abrazar su singularidad. RECIBE ACTUALIZACIONES SUSCR\u00cdBETE AL BLOG Deja vac\u00edo este campo si eres humano:","og_url":"https:\/\/loveit-byadrianavillalobos.com\/?page_id=1978","og_site_name":"Love it by Adriana Villalobos","article_modified_time":"2024-01-30T04:37:07+00:00","twitter_card":"summary_large_image","twitter_misc":{"Tiempo de lectura":"1 minuto"},"schema":{"@context":"https:\/\/schema.org","@graph":[{"@type":"WebPage","@id":"https:\/\/loveit-byadrianavillalobos.com\/?page_id=1978","url":"https:\/\/loveit-byadrianavillalobos.com\/?page_id=1978","name":"About - Love it by Adriana Villalobos","isPartOf":{"@id":"https:\/\/loveit-byadrianavillalobos.com\/#website"},"datePublished":"2018-07-16T14:17:48+00:00","dateModified":"2024-01-30T04:37:07+00:00","breadcrumb":{"@id":"https:\/\/loveit-byadrianavillalobos.com\/?page_id=1978#breadcrumb"},"inLanguage":"es","potentialAction":[{"@type":"ReadAction","target":["https:\/\/loveit-byadrianavillalobos.com\/?page_id=1978"]}]},{"@type":"BreadcrumbList","@id":"https:\/\/loveit-byadrianavillalobos.com\/?page_id=1978#breadcrumb","itemListElement":[{"@type":"ListItem","position":1,"name":"Portada","item":"https:\/\/loveit-byadrianavillalobos.com\/"},{"@type":"ListItem","position":2,"name":"About"}]},{"@type":"WebSite","@id":"https:\/\/loveit-byadrianavillalobos.com\/#website","url":"https:\/\/loveit-byadrianavillalobos.com\/","name":"Love it by Adriana Villalobos","description":"","publisher":{"@id":"https:\/\/loveit-byadrianavillalobos.com\/#organization"},"potentialAction":[{"@type":"SearchAction","target":{"@type":"EntryPoint","urlTemplate":"https:\/\/loveit-byadrianavillalobos.com\/?s={search_term_string}"},"query-input":{"@type":"PropertyValueSpecification","valueRequired":true,"valueName":"search_term_string"}}],"inLanguage":"es"},{"@type":"Organization","@id":"https:\/\/loveit-byadrianavillalobos.com\/#organization","name":"Love it by Adriana Villalobos","url":"https:\/\/loveit-byadrianavillalobos.com\/","logo":{"@type":"ImageObject","inLanguage":"es","@id":"https:\/\/loveit-byadrianavillalobos.com\/#\/schema\/logo\/image\/","url":"https:\/\/loveit-byadrianavillalobos.com\/wp-content\/uploads\/2023\/12\/Logo-Love-It-Adriana-Villalobos_Mesa-de-trabajo-1-2.png","contentUrl":"https:\/\/loveit-byadrianavillalobos.com\/wp-content\/uploads\/2023\/12\/Logo-Love-It-Adriana-Villalobos_Mesa-de-trabajo-1-2.png","width":1080,"height":419,"caption":"Love it by Adriana Villalobos"},"image":{"@id":"https:\/\/loveit-byadrianavillalobos.com\/#\/schema\/logo\/image\/"}}]}},"_links":{"self":[{"href":"https:\/\/loveit-byadrianavillalobos.com\/index.php?rest_route=\/wp\/v2\/pages\/1978","targetHints":{"allow":["GET"]}}],"collection":[{"href":"https:\/\/loveit-byadrianavillalobos.com\/index.php?rest_route=\/wp\/v2\/pages"}],"about":[{"href":"https:\/\/loveit-byadrianavillalobos.com\/index.php?rest_route=\/wp\/v2\/types\/page"}],"author":[{"embeddable":true,"href":"https:\/\/loveit-byadrianavillalobos.com\/index.php?rest_route=\/wp\/v2\/users\/1"}],"replies":[{"embeddable":true,"href":"https:\/\/loveit-byadrianavillalobos.com\/index.php?rest_route=%2Fwp%2Fv2%2Fcomments&post=1978"}],"version-history":[{"count":9,"href":"https:\/\/loveit-byadrianavillalobos.com\/index.php?rest_route=\/wp\/v2\/pages\/1978\/revisions"}],"predecessor-version":[{"id":2120,"href":"https:\/\/loveit-byadrianavillalobos.com\/index.php?rest_route=\/wp\/v2\/pages\/1978\/revisions\/2120"}],"wp:attachment":[{"href":"https:\/\/loveit-byadrianavillalobos.com\/index.php?rest_route=%2Fwp%2Fv2%2Fmedia&parent=1978"}],"curies":[{"name":"wp","href":"https:\/\/api.w.org\/{rel}","templated":true}]}}